{"id":8959,"date":"2026-02-10T22:54:14","date_gmt":"2026-02-10T21:54:14","guid":{"rendered":"https:\/\/geparena.hu\/?post_type=product&#038;p=8959"},"modified":"2026-03-02T05:20:34","modified_gmt":"2026-03-02T04:20:34","slug":"universal-wings-pylon-65","status":"publish","type":"product","link":"https:\/\/geparena.hu\/en\/product\/universal-wings-pylon-65\/","title":{"rendered":"Universal Wings \/ PYLON - 65\u201d"},"content":{"rendered":"","protected":false},"excerpt":{"rendered":"<p>Vertik\u00e1lny posuv pre 65\u2033 TV s max hmostnos\u0165 54,5kg na pyl\u00f3nov\u00fdch st\u013apoch<\/p>","protected":false},"featured_media":1823,"comment_status":"open","ping_status":"closed","template":"","meta":[],"product_brand":[],"product_cat":[31,142],"product_tag":[],"class_list":{"0":"post-8959","1":"product","2":"type-product","3":"status-publish","4":"has-post-thumbnail","6":"product_cat-interaktiv-megoldasok","7":"product_cat-mozgathato","9":"first","10":"instock","11":"taxable","12":"shipping-taxable","13":"purchasable","14":"product-type-simple","15":"add-to-wishlist-before_image"},"_links":{"self":[{"href":"https:\/\/geparena.hu\/en\/wp-json\/wp\/v2\/product\/8959","targetHints":{"allow":["GET"]}}],"collection":[{"href":"https:\/\/geparena.hu\/en\/wp-json\/wp\/v2\/product"}],"about":[{"href":"https:\/\/geparena.hu\/en\/wp-json\/wp\/v2\/types\/product"}],"replies":[{"embeddable":true,"href":"https:\/\/geparena.hu\/en\/wp-json\/wp\/v2\/comments?post=8959"}],"wp:featuredmedia":[{"embeddable":true,"href":"https:\/\/geparena.hu\/en\/wp-json\/wp\/v2\/media\/1823"}],"wp:attachment":[{"href":"https:\/\/geparena.hu\/en\/wp-json\/wp\/v2\/media?parent=8959"}],"wp:term":[{"taxonomy":"product_brand","embeddable":true,"href":"https:\/\/geparena.hu\/en\/wp-json\/wp\/v2\/product_brand?post=8959"},{"taxonomy":"product_cat","embeddable":true,"href":"https:\/\/geparena.hu\/en\/wp-json\/wp\/v2\/product_cat?post=8959"},{"taxonomy":"product_tag","embeddable":true,"href":"https:\/\/geparena.hu\/en\/wp-json\/wp\/v2\/product_tag?post=8959"}],"curies":[{"name":"wp","href":"https:\/\/api.w.org\/{rel}","templated":true}]}}