{"id":8887,"date":"2026-02-10T22:54:03","date_gmt":"2026-02-10T21:54:03","guid":{"rendered":"https:\/\/geparena.hu\/?post_type=product&#038;p=8887"},"modified":"2026-03-02T05:20:30","modified_gmt":"2026-03-02T04:20:30","slug":"drotovy-set-klavesnice-a-mysi","status":"publish","type":"product","link":"https:\/\/geparena.hu\/en\/product\/drotovy-set-klavesnice-a-mysi\/","title":{"rendered":"Dr\u00f4tov\u00fd set kl\u00e1vesnice a my\u0161i"},"content":{"rendered":"","protected":false},"excerpt":{"rendered":"","protected":false},"featured_media":1641,"comment_status":"open","ping_status":"closed","template":"","meta":[],"product_brand":[],"product_cat":[80,45],"product_tag":[],"class_list":{"0":"post-8887","1":"product","2":"type-product","3":"status-publish","4":"has-post-thumbnail","6":"product_cat-billentyuzetek-es-egerek","7":"product_cat-kiegeszitok","9":"first","10":"instock","11":"taxable","12":"shipping-taxable","13":"purchasable","14":"product-type-simple","15":"add-to-wishlist-before_image"},"_links":{"self":[{"href":"https:\/\/geparena.hu\/en\/wp-json\/wp\/v2\/product\/8887","targetHints":{"allow":["GET"]}}],"collection":[{"href":"https:\/\/geparena.hu\/en\/wp-json\/wp\/v2\/product"}],"about":[{"href":"https:\/\/geparena.hu\/en\/wp-json\/wp\/v2\/types\/product"}],"replies":[{"embeddable":true,"href":"https:\/\/geparena.hu\/en\/wp-json\/wp\/v2\/comments?post=8887"}],"wp:featuredmedia":[{"embeddable":true,"href":"https:\/\/geparena.hu\/en\/wp-json\/wp\/v2\/media\/1641"}],"wp:attachment":[{"href":"https:\/\/geparena.hu\/en\/wp-json\/wp\/v2\/media?parent=8887"}],"wp:term":[{"taxonomy":"product_brand","embeddable":true,"href":"https:\/\/geparena.hu\/en\/wp-json\/wp\/v2\/product_brand?post=8887"},{"taxonomy":"product_cat","embeddable":true,"href":"https:\/\/geparena.hu\/en\/wp-json\/wp\/v2\/product_cat?post=8887"},{"taxonomy":"product_tag","embeddable":true,"href":"https:\/\/geparena.hu\/en\/wp-json\/wp\/v2\/product_tag?post=8887"}],"curies":[{"name":"wp","href":"https:\/\/api.w.org\/{rel}","templated":true}]}}