{"id":8456,"date":"2026-02-10T22:53:00","date_gmt":"2026-02-10T21:53:00","guid":{"rendered":"https:\/\/geparena.hu\/?post_type=product&#038;p=8456"},"modified":"2026-02-10T22:53:01","modified_gmt":"2026-02-10T21:53:01","slug":"elitetouch-75-premium-pylon-w11-pro-android-os","status":"publish","type":"product","link":"https:\/\/geparena.hu\/en\/product\/elitetouch-75-premium-pylon-w11-pro-android-os\/","title":{"rendered":"EliteTouch 75\u2033 premium \/ PYLON \/ W11 PRO, Android OS"},"content":{"rendered":"","protected":false},"excerpt":{"rendered":"<p>AiO EliteTouch TV 4gen 75\u2033 s vertik\u00e1lnym posuvom a triptych tabu\u013eou na pyl\u00f3noch<\/p>","protected":false},"featured_media":925,"comment_status":"open","ping_status":"closed","template":"","meta":[],"product_brand":[],"product_cat":[107,31],"product_tag":[],"class_list":{"0":"post-8456","1":"product","2":"type-product","3":"status-publish","4":"has-post-thumbnail","6":"product_cat-aio-szettek","7":"product_cat-interaktiv-megoldasok","9":"first","10":"instock","11":"taxable","12":"shipping-taxable","13":"purchasable","14":"product-type-simple","15":"add-to-wishlist-before_image"},"_links":{"self":[{"href":"https:\/\/geparena.hu\/en\/wp-json\/wp\/v2\/product\/8456","targetHints":{"allow":["GET"]}}],"collection":[{"href":"https:\/\/geparena.hu\/en\/wp-json\/wp\/v2\/product"}],"about":[{"href":"https:\/\/geparena.hu\/en\/wp-json\/wp\/v2\/types\/product"}],"replies":[{"embeddable":true,"href":"https:\/\/geparena.hu\/en\/wp-json\/wp\/v2\/comments?post=8456"}],"wp:featuredmedia":[{"embeddable":true,"href":"https:\/\/geparena.hu\/en\/wp-json\/wp\/v2\/media\/925"}],"wp:attachment":[{"href":"https:\/\/geparena.hu\/en\/wp-json\/wp\/v2\/media?parent=8456"}],"wp:term":[{"taxonomy":"product_brand","embeddable":true,"href":"https:\/\/geparena.hu\/en\/wp-json\/wp\/v2\/product_brand?post=8456"},{"taxonomy":"product_cat","embeddable":true,"href":"https:\/\/geparena.hu\/en\/wp-json\/wp\/v2\/product_cat?post=8456"},{"taxonomy":"product_tag","embeddable":true,"href":"https:\/\/geparena.hu\/en\/wp-json\/wp\/v2\/product_tag?post=8456"}],"curies":[{"name":"wp","href":"https:\/\/api.w.org\/{rel}","templated":true}]}}