{"id":8185,"date":"2026-02-10T22:52:22","date_gmt":"2026-02-10T21:52:22","guid":{"rendered":"https:\/\/geparena.hu\/?post_type=product&#038;p=8185"},"modified":"2026-03-02T05:19:57","modified_gmt":"2026-03-02T04:19:57","slug":"panther-hangszorok-2-0","status":"publish","type":"product","link":"https:\/\/geparena.hu\/en\/product\/panther-hangszorok-2-0\/","title":{"rendered":"Panther Speakers 2.0"},"content":{"rendered":"","protected":false},"excerpt":{"rendered":"<p>6W RMS, drevo, 1x 3.5mm jack + USB nap\u00e1janie, ovl\u00e1danie hlasitosti na k\u00e1bli<\/p>","protected":false},"featured_media":332,"comment_status":"open","ping_status":"closed","template":"","meta":[],"product_brand":[],"product_cat":[81,45],"product_tag":[],"class_list":{"0":"post-8185","1":"product","2":"type-product","3":"status-publish","4":"has-post-thumbnail","6":"product_cat-hangszorok","7":"product_cat-kiegeszitok","9":"first","10":"instock","11":"taxable","12":"shipping-taxable","13":"purchasable","14":"product-type-simple","15":"add-to-wishlist-before_image"},"_links":{"self":[{"href":"https:\/\/geparena.hu\/en\/wp-json\/wp\/v2\/product\/8185","targetHints":{"allow":["GET"]}}],"collection":[{"href":"https:\/\/geparena.hu\/en\/wp-json\/wp\/v2\/product"}],"about":[{"href":"https:\/\/geparena.hu\/en\/wp-json\/wp\/v2\/types\/product"}],"replies":[{"embeddable":true,"href":"https:\/\/geparena.hu\/en\/wp-json\/wp\/v2\/comments?post=8185"}],"wp:featuredmedia":[{"embeddable":true,"href":"https:\/\/geparena.hu\/en\/wp-json\/wp\/v2\/media\/332"}],"wp:attachment":[{"href":"https:\/\/geparena.hu\/en\/wp-json\/wp\/v2\/media?parent=8185"}],"wp:term":[{"taxonomy":"product_brand","embeddable":true,"href":"https:\/\/geparena.hu\/en\/wp-json\/wp\/v2\/product_brand?post=8185"},{"taxonomy":"product_cat","embeddable":true,"href":"https:\/\/geparena.hu\/en\/wp-json\/wp\/v2\/product_cat?post=8185"},{"taxonomy":"product_tag","embeddable":true,"href":"https:\/\/geparena.hu\/en\/wp-json\/wp\/v2\/product_tag?post=8185"}],"curies":[{"name":"wp","href":"https:\/\/api.w.org\/{rel}","templated":true}]}}