{"id":8115,"date":"2026-02-10T22:52:12","date_gmt":"2026-02-10T21:52:12","guid":{"rendered":"https:\/\/geparena.hu\/?post_type=product&#038;p=8115"},"modified":"2026-03-02T05:19:54","modified_gmt":"2026-03-02T04:19:54","slug":"raspberry-pi-3-intelligens-autorobot","status":"publish","type":"product","link":"https:\/\/geparena.hu\/en\/product\/raspberry-pi-3-intelligens-autorobot\/","title":{"rendered":"Raspberry Pi 3 intelligent car robot"},"content":{"rendered":"","protected":false},"excerpt":{"rendered":"<p>ovl\u00e1danie bezdr\u00f4tov\u00e9 WiFi<\/p>","protected":false},"featured_media":170,"comment_status":"open","ping_status":"closed","template":"","meta":[],"product_brand":[],"product_cat":[49,31],"product_tag":[],"class_list":{"0":"post-8115","1":"product","2":"type-product","3":"status-publish","4":"has-post-thumbnail","6":"product_cat-interaktiv-berendezes-es-robotok","7":"product_cat-interaktiv-megoldasok","9":"first","10":"instock","11":"taxable","12":"shipping-taxable","13":"purchasable","14":"product-type-simple","15":"add-to-wishlist-before_image"},"_links":{"self":[{"href":"https:\/\/geparena.hu\/en\/wp-json\/wp\/v2\/product\/8115","targetHints":{"allow":["GET"]}}],"collection":[{"href":"https:\/\/geparena.hu\/en\/wp-json\/wp\/v2\/product"}],"about":[{"href":"https:\/\/geparena.hu\/en\/wp-json\/wp\/v2\/types\/product"}],"replies":[{"embeddable":true,"href":"https:\/\/geparena.hu\/en\/wp-json\/wp\/v2\/comments?post=8115"}],"wp:featuredmedia":[{"embeddable":true,"href":"https:\/\/geparena.hu\/en\/wp-json\/wp\/v2\/media\/170"}],"wp:attachment":[{"href":"https:\/\/geparena.hu\/en\/wp-json\/wp\/v2\/media?parent=8115"}],"wp:term":[{"taxonomy":"product_brand","embeddable":true,"href":"https:\/\/geparena.hu\/en\/wp-json\/wp\/v2\/product_brand?post=8115"},{"taxonomy":"product_cat","embeddable":true,"href":"https:\/\/geparena.hu\/en\/wp-json\/wp\/v2\/product_cat?post=8115"},{"taxonomy":"product_tag","embeddable":true,"href":"https:\/\/geparena.hu\/en\/wp-json\/wp\/v2\/product_tag?post=8115"}],"curies":[{"name":"wp","href":"https:\/\/api.w.org\/{rel}","templated":true}]}}