{"id":8079,"date":"2026-02-10T22:52:08","date_gmt":"2026-02-10T21:52:08","guid":{"rendered":"https:\/\/geparena.hu\/?post_type=product&#038;p=8079"},"modified":"2026-03-02T05:19:54","modified_gmt":"2026-03-02T04:19:54","slug":"interaktiv-tabla-szerviz","status":"publish","type":"product","link":"https:\/\/geparena.hu\/en\/product\/interaktiv-tabla-szerviz\/","title":{"rendered":"Interactive whiteboard service"},"content":{"rendered":"","protected":false},"excerpt":{"rendered":"<p>za\u0161kolenie, in\u0161tal\u00e1cia softv\u00e9ru<\/p>","protected":false},"featured_media":99,"comment_status":"open","ping_status":"closed","template":"","meta":[],"product_brand":[],"product_cat":[32,31],"product_tag":[],"class_list":{"0":"post-8079","1":"product","2":"type-product","3":"status-publish","4":"has-post-thumbnail","6":"product_cat-alkalmazas","7":"product_cat-interaktiv-megoldasok","9":"first","10":"instock","11":"taxable","12":"shipping-taxable","13":"purchasable","14":"product-type-simple","15":"add-to-wishlist-before_image"},"_links":{"self":[{"href":"https:\/\/geparena.hu\/en\/wp-json\/wp\/v2\/product\/8079","targetHints":{"allow":["GET"]}}],"collection":[{"href":"https:\/\/geparena.hu\/en\/wp-json\/wp\/v2\/product"}],"about":[{"href":"https:\/\/geparena.hu\/en\/wp-json\/wp\/v2\/types\/product"}],"replies":[{"embeddable":true,"href":"https:\/\/geparena.hu\/en\/wp-json\/wp\/v2\/comments?post=8079"}],"wp:featuredmedia":[{"embeddable":true,"href":"https:\/\/geparena.hu\/en\/wp-json\/wp\/v2\/media\/99"}],"wp:attachment":[{"href":"https:\/\/geparena.hu\/en\/wp-json\/wp\/v2\/media?parent=8079"}],"wp:term":[{"taxonomy":"product_brand","embeddable":true,"href":"https:\/\/geparena.hu\/en\/wp-json\/wp\/v2\/product_brand?post=8079"},{"taxonomy":"product_cat","embeddable":true,"href":"https:\/\/geparena.hu\/en\/wp-json\/wp\/v2\/product_cat?post=8079"},{"taxonomy":"product_tag","embeddable":true,"href":"https:\/\/geparena.hu\/en\/wp-json\/wp\/v2\/product_tag?post=8079"}],"curies":[{"name":"wp","href":"https:\/\/api.w.org\/{rel}","templated":true}]}}